{"id":113,"date":"2024-03-07T17:41:50","date_gmt":"2024-03-07T17:41:50","guid":{"rendered":"https:\/\/moeseneder-lena.web.kslinz.at\/eigene_website\/?page_id=113"},"modified":"2024-04-19T18:26:26","modified_gmt":"2024-04-19T18:26:26","slug":"zeichnungen","status":"publish","type":"page","link":"https:\/\/moeseneder-lena.web.kslinz.at\/eigene_website\/index.php\/zeichnungen\/","title":{"rendered":"Zeichnungen"},"content":{"rendered":"\n<p>Ich liebe es ja zu zeichnen. Hier kannst du ein paar meiner Zeichnungen sehen. ^^<\/p>\n\n\n\n<div class=\"wp-block-uagb-container uagb-block-cdb9d246 alignfull uagb-is-root-container\"><div class=\"uagb-container-inner-blocks-wrap\">\n<div class=\"wp-block-uagb-container uagb-block-e01bf819\">\n<div data-aos= \"fade-right\" data-aos-duration=\"400\" data-aos-delay=\"0\" data-aos-easing=\"ease\" data-aos-once=\"true\" class=\"wp-block-uagb-image uagb-block-0acdc09a wp-block-uagb-image--layout-default wp-block-uagb-image--effect-static wp-block-uagb-image--align-none\"><figure class=\"wp-block-uagb-image__figure\"><img decoding=\"async\" srcset=\"https:\/\/moeseneder-lena.web.kslinz.at\/eigene_website\/wp-content\/uploads\/2024\/04\/20230208_104820-edited-1024x1024.jpg ,https:\/\/moeseneder-lena.web.kslinz.at\/eigene_website\/wp-content\/uploads\/2024\/03\/20230208_104820-scaled.jpg 780w, https:\/\/moeseneder-lena.web.kslinz.at\/eigene_website\/wp-content\/uploads\/2024\/03\/20230208_104820-scaled.jpg 360w\" sizes=\"auto, (max-width: 480px) 150px\" src=\"https:\/\/moeseneder-lena.web.kslinz.at\/eigene_website\/wp-content\/uploads\/2024\/04\/20230208_104820-edited-1024x1024.jpg\" alt=\"\" class=\"uag-image-281\" width=\"1024\" height=\"1024\" title=\"20230208_104820\" loading=\"lazy\" role=\"img\"\/><\/figure><\/div>\n<\/div>\n\n\n\n<div class=\"wp-block-uagb-container uagb-block-f51bd63a\">\n<div class=\"wp-block-uagb-star-rating uagb-block-86330020\"><p class=\"uag-star-rating__title\"><strong>Stillleben auf Schwarzpapier<\/strong><\/p><div class=\"uag-star-rating\" title=\"4\/5\"><span class=\"uag-star\">\u2605<\/span><span class=\"uag-star\">\u2605<\/span><span class=\"uag-star\">\u2605<\/span><span class=\"uag-star\">\u2605<\/span><span class=\"uag-star\">\u2605<\/span><\/div><\/div>\n\n\n\n<p>Es war eine sehr lustige \u00dcbung, um Schatten und Rundungen von Objekten zu lernen und wie sich Gegenst\u00e4nde verhalten, aus welchen Perspektiven.<\/p>\n\n\n\n<p>Es war keine all zu gro\u00dfe Herausforderung, da ich diesem Thema schon gut vertraut war. Trotz allem, gibt es Stellen, wo ich Probleme hatte und einige Verbesserungen sehe.<\/p>\n<\/div>\n<\/div><\/div>\n\n\n\n<div class=\"wp-block-uagb-container uagb-block-3e5298df alignfull uagb-is-root-container\"><div class=\"uagb-container-inner-blocks-wrap\">\n<div class=\"wp-block-uagb-container uagb-block-47d53b03\">\n<div data-aos= \"fade-right\" data-aos-duration=\"400\" data-aos-delay=\"0\" data-aos-easing=\"ease\" data-aos-once=\"true\" class=\"wp-block-uagb-image uagb-block-f6a9811a wp-block-uagb-image--layout-default wp-block-uagb-image--effect-static wp-block-uagb-image--align-none\"><figure class=\"wp-block-uagb-image__figure\"><img decoding=\"async\" srcset=\"https:\/\/moeseneder-lena.web.kslinz.at\/eigene_website\/wp-content\/uploads\/2024\/04\/octopus-edited-1024x1024.jpg ,https:\/\/moeseneder-lena.web.kslinz.at\/eigene_website\/wp-content\/uploads\/2024\/03\/octopus-scaled.jpg 780w, https:\/\/moeseneder-lena.web.kslinz.at\/eigene_website\/wp-content\/uploads\/2024\/03\/octopus-scaled.jpg 360w\" sizes=\"auto, (max-width: 480px) 150px\" src=\"https:\/\/moeseneder-lena.web.kslinz.at\/eigene_website\/wp-content\/uploads\/2024\/04\/octopus-edited-1024x1024.jpg\" alt=\"\" class=\"uag-image-288\" width=\"1024\" height=\"1024\" title=\"octopus\" loading=\"lazy\" role=\"img\"\/><\/figure><\/div>\n<\/div>\n\n\n\n<div class=\"wp-block-uagb-container uagb-block-8699893c\">\n<div class=\"wp-block-uagb-star-rating uagb-block-f2513314\"><p class=\"uag-star-rating__title\"><strong>Wasserfarben + Bleistift<\/strong><\/p><div class=\"uag-star-rating\" title=\"2.9\/5\"><span class=\"uag-star\">\u2605<\/span><span class=\"uag-star\">\u2605<\/span><span class=\"uag-star\">\u2605<\/span><span class=\"uag-star\">\u2605<\/span><span class=\"uag-star\">\u2605<\/span><\/div><\/div>\n\n\n\n<p>Die Wasserfarben h\u00e4tten um einiges Intensiver sein k\u00f6nnen, da die schwarzen Augen so intensiv herausstechen. Doch ich bin stolz darauf wie der Oktopus von der Form her wurde. <\/p>\n\n\n\n<p>Die Kaligrafie wurde auch nicht schlecht und wirkt sehr dynamisch. Auch die Schatten wirken \u00fcberzeugend. <\/p>\n<\/div>\n<\/div><\/div>\n\n\n\n<div class=\"wp-block-uagb-container uagb-block-7c501e6e alignfull uagb-is-root-container\"><div class=\"uagb-container-inner-blocks-wrap\">\n<div class=\"wp-block-uagb-container uagb-block-f4f1c3d8\">\n<div data-aos= \"fade-right\" data-aos-duration=\"400\" data-aos-delay=\"0\" data-aos-easing=\"ease\" data-aos-once=\"true\" class=\"wp-block-uagb-image uagb-block-62026036 wp-block-uagb-image--layout-default wp-block-uagb-image--effect-static wp-block-uagb-image--align-none\"><figure class=\"wp-block-uagb-image__figure\"><img decoding=\"async\" srcset=\"https:\/\/moeseneder-lena.web.kslinz.at\/eigene_website\/wp-content\/uploads\/2024\/04\/20240201_072933-edited-1024x1024.jpg ,https:\/\/moeseneder-lena.web.kslinz.at\/eigene_website\/wp-content\/uploads\/2024\/03\/20240201_072933-scaled.jpg 780w, https:\/\/moeseneder-lena.web.kslinz.at\/eigene_website\/wp-content\/uploads\/2024\/03\/20240201_072933-scaled.jpg 360w\" sizes=\"auto, (max-width: 480px) 150px\" src=\"https:\/\/moeseneder-lena.web.kslinz.at\/eigene_website\/wp-content\/uploads\/2024\/04\/20240201_072933-edited-1024x1024.jpg\" alt=\"\" class=\"uag-image-292\" width=\"1024\" height=\"1024\" title=\"20240201_072933\" loading=\"lazy\" role=\"img\"\/><\/figure><\/div>\n<\/div>\n\n\n\n<div class=\"wp-block-uagb-container uagb-block-3cdebbcd\">\n<div class=\"wp-block-uagb-star-rating uagb-block-7922ac08\"><p class=\"uag-star-rating__title\"><strong>Unfertiges Selbstportrait<\/strong><\/p><div class=\"uag-star-rating\" title=\"4\/5\"><span class=\"uag-star\">\u2605<\/span><span class=\"uag-star\">\u2605<\/span><span class=\"uag-star\">\u2605<\/span><span class=\"uag-star\">\u2605<\/span><span class=\"uag-star\">\u2605<\/span><\/div><\/div>\n\n\n\n<p>An sich eine sehr gro\u00dfe Verbesserung von meinen alten K\u00fcnsten, aber nicht ganz perfekt, da es eben nur die halbe Seite ist. Die andere Seite sollte urspr\u00fcnglich eine abstrakte Vervollst\u00e4ndigung von mir selbst sein, mit Sachen die mich ausmachen, doch leider ging mir die Zeit aus.<\/p>\n\n\n\n<p>Ich bin aber vor allem stolz auf die Hell-, Dunkel-Kontraste und wie die Schatten f\u00fcr Dimension sorgen. Vor allem die Haare \u00fcberraschten mich damals, da ich fr\u00fcher echt Probleme hatte Haare realistisch zu zeichnen.<\/p>\n<\/div>\n<\/div><\/div>\n\n\n\n<div class=\"wp-block-uagb-container uagb-block-80b3431d alignfull uagb-is-root-container\"><div class=\"uagb-container-inner-blocks-wrap\">\n<div class=\"wp-block-uagb-container uagb-block-fa7a2e37\">\n<div data-aos= \"fade-right\" data-aos-duration=\"400\" data-aos-delay=\"0\" data-aos-easing=\"ease\" data-aos-once=\"true\" class=\"wp-block-uagb-image uagb-block-340222f3 wp-block-uagb-image--layout-default wp-block-uagb-image--effect-static wp-block-uagb-image--align-none\"><figure class=\"wp-block-uagb-image__figure\"><img decoding=\"async\" srcset=\"https:\/\/moeseneder-lena.web.kslinz.at\/eigene_website\/wp-content\/uploads\/2024\/04\/landscape-edited-1024x1024.jpg ,https:\/\/moeseneder-lena.web.kslinz.at\/eigene_website\/wp-content\/uploads\/2024\/03\/landscape-scaled.jpg 780w, https:\/\/moeseneder-lena.web.kslinz.at\/eigene_website\/wp-content\/uploads\/2024\/03\/landscape-scaled.jpg 360w\" sizes=\"auto, (max-width: 480px) 150px\" src=\"https:\/\/moeseneder-lena.web.kslinz.at\/eigene_website\/wp-content\/uploads\/2024\/04\/landscape-edited-1024x1024.jpg\" alt=\"\" class=\"uag-image-294\" width=\"1024\" height=\"1024\" title=\"landscape\" loading=\"lazy\" role=\"img\"\/><\/figure><\/div>\n<\/div>\n\n\n\n<div class=\"wp-block-uagb-container uagb-block-85ea13bd\">\n<div class=\"wp-block-uagb-star-rating uagb-block-c58175f8\"><p class=\"uag-star-rating__title\"><strong>Versteckte Puzzleteile integrieren<\/strong><\/p><div class=\"uag-star-rating\" title=\"5\/5\"><span class=\"uag-star\">\u2605<\/span><span class=\"uag-star\">\u2605<\/span><span class=\"uag-star\">\u2605<\/span><span class=\"uag-star\">\u2605<\/span><span class=\"uag-star\">\u2605<\/span><\/div><\/div>\n\n\n\n<p>Diese \u00dcbung hat mir sehr viel Spa\u00df gemacht. Die Aufgabe war es, einzelne Schnipsel von solch linierten Kunstwerken in ein ganzes Bild so zu integrieren, dass sie dann kaum noch, bis zu gar nicht mehr sichtbar sind.<\/p>\n\n\n\n<p>Es war sch\u00f6n seiner Kreativit\u00e4t freien Lauf lassen zu k\u00f6nnen, da man in diesen Schnipsel alles was man wollte interpretieren konnte, denn die Vorschrift war nur, dass es eine Landschaft werden soll.<\/p>\n<\/div>\n<\/div><\/div>\n\n\n\n<div class=\"wp-block-uagb-container uagb-block-04fcc8c6 alignfull uagb-is-root-container\"><div class=\"uagb-container-inner-blocks-wrap\">\n<div class=\"wp-block-uagb-container uagb-block-425fe846\">\n<div data-aos= \"fade-right\" data-aos-duration=\"400\" data-aos-delay=\"0\" data-aos-easing=\"ease\" data-aos-once=\"true\" class=\"wp-block-uagb-image uagb-block-ae5917d5 wp-block-uagb-image--layout-default wp-block-uagb-image--effect-static wp-block-uagb-image--align-none\"><figure class=\"wp-block-uagb-image__figure\"><img decoding=\"async\" srcset=\"https:\/\/moeseneder-lena.web.kslinz.at\/eigene_website\/wp-content\/uploads\/2024\/04\/20240419_171414-1024x1021.jpg ,https:\/\/moeseneder-lena.web.kslinz.at\/eigene_website\/wp-content\/uploads\/2024\/04\/20240419_171414-scaled.jpg 780w, https:\/\/moeseneder-lena.web.kslinz.at\/eigene_website\/wp-content\/uploads\/2024\/04\/20240419_171414-scaled.jpg 360w\" sizes=\"auto, (max-width: 480px) 150px\" src=\"https:\/\/moeseneder-lena.web.kslinz.at\/eigene_website\/wp-content\/uploads\/2024\/04\/20240419_171414-1024x1021.jpg\" alt=\"\" class=\"uag-image-300\" width=\"768\" height=\"1024\" title=\"20240419_171414\" loading=\"lazy\" role=\"img\"\/><\/figure><\/div>\n<\/div>\n\n\n\n<div class=\"wp-block-uagb-container uagb-block-ba67df49\">\n<div class=\"wp-block-uagb-star-rating uagb-block-bdc09830\"><p class=\"uag-star-rating__title\"><strong>Shadow Venoct but cursed<\/strong><\/p><div class=\"uag-star-rating\" title=\"5\/5\"><span class=\"uag-star\">\u2605<\/span><span class=\"uag-star\">\u2605<\/span><span class=\"uag-star\">\u2605<\/span><span class=\"uag-star\">\u2605<\/span><span class=\"uag-star\">\u2605<\/span><\/div><\/div>\n\n\n\n<p>Eigentlich sollte dies nur ein kleiner Zeitvertreib w\u00e4hrend den Pausen sein, aber es wurde im Endeffekt ziemlich lustig, wie steif seine Position ist und wie w\u00fctend er zur Seite schaut.<\/p>\n\n\n\n<p>(Bis heute wei\u00df ich nicht warum er so w\u00fctend wurde, aber es liegt vielleicht daran, dass ihm sein Donut gestohlen wurde.)<\/p>\n<\/div>\n<\/div><\/div>\n\n\n\n<div class=\"wp-block-uagb-container uagb-block-17c6fdab alignfull uagb-is-root-container\"><div class=\"uagb-container-inner-blocks-wrap\">\n<div class=\"wp-block-uagb-container uagb-block-27f5c0b0\">\n<div data-aos= \"fade-right\" data-aos-duration=\"400\" data-aos-delay=\"0\" data-aos-easing=\"ease\" data-aos-once=\"true\" class=\"wp-block-uagb-image uagb-block-12525365 wp-block-uagb-image--layout-default wp-block-uagb-image--effect-static wp-block-uagb-image--align-none\"><figure class=\"wp-block-uagb-image__figure\"><img decoding=\"async\" srcset=\"https:\/\/moeseneder-lena.web.kslinz.at\/eigene_website\/wp-content\/uploads\/2024\/04\/20230419_123858-1024x1024.jpg ,https:\/\/moeseneder-lena.web.kslinz.at\/eigene_website\/wp-content\/uploads\/2024\/04\/20230419_123858-scaled.jpg 780w, https:\/\/moeseneder-lena.web.kslinz.at\/eigene_website\/wp-content\/uploads\/2024\/04\/20230419_123858-scaled.jpg 360w\" sizes=\"auto, (max-width: 480px) 150px\" src=\"https:\/\/moeseneder-lena.web.kslinz.at\/eigene_website\/wp-content\/uploads\/2024\/04\/20230419_123858-1024x1024.jpg\" alt=\"\" class=\"uag-image-302\" width=\"3024\" height=\"3021\" title=\"20230419_123858\" loading=\"lazy\" role=\"img\"\/><\/figure><\/div>\n<\/div>\n\n\n\n<div class=\"wp-block-uagb-container uagb-block-98ed24e4\">\n<div class=\"wp-block-uagb-star-rating uagb-block-cf9850b3\"><p class=\"uag-star-rating__title\"><strong>Shadow Venoct but sad cursed<\/strong><\/p><div class=\"uag-star-rating\" title=\"5\/5\"><span class=\"uag-star\">\u2605<\/span><span class=\"uag-star\">\u2605<\/span><span class=\"uag-star\">\u2605<\/span><span class=\"uag-star\">\u2605<\/span><span class=\"uag-star\">\u2605<\/span><\/div><\/div>\n\n\n\n<p>Ah, da ist ja sein Donut! (Danke Vali!)<br>Auf magische Art und Weise hat er seinen Donut zur\u00fcck bekommen, doch irgendwie wirkt er noch immer traurig.<\/p>\n\n\n\n<p>Endergebnis ist das selbe wie zuvor. Seine Pose ist noch immer Steif, aber dieses mal schaut er einen traurig an. (Vielleicht sollte sich mal das Problem mit seinen H\u00e4nden angeschaut werden.)<\/p>\n<\/div>\n<\/div><\/div>\n\n\n\n<div class=\"wp-block-uagb-container uagb-block-fdce6189 alignfull uagb-is-root-container\"><div class=\"uagb-container-inner-blocks-wrap\">\n<div class=\"wp-block-uagb-container uagb-block-e85468d4\">\n<div data-aos= \"fade-right\" data-aos-duration=\"400\" data-aos-delay=\"0\" data-aos-easing=\"ease\" data-aos-once=\"true\" class=\"wp-block-uagb-image uagb-block-a5aee7b4 wp-block-uagb-image--layout-default wp-block-uagb-image--effect-static wp-block-uagb-image--align-none\"><figure class=\"wp-block-uagb-image__figure\"><img decoding=\"async\" srcset=\"https:\/\/moeseneder-lena.web.kslinz.at\/eigene_website\/wp-content\/uploads\/2024\/04\/20240419_172553-1024x1019.jpg ,https:\/\/moeseneder-lena.web.kslinz.at\/eigene_website\/wp-content\/uploads\/2024\/04\/20240419_172553-scaled.jpg 780w, https:\/\/moeseneder-lena.web.kslinz.at\/eigene_website\/wp-content\/uploads\/2024\/04\/20240419_172553-scaled.jpg 360w\" sizes=\"auto, (max-width: 480px) 150px\" src=\"https:\/\/moeseneder-lena.web.kslinz.at\/eigene_website\/wp-content\/uploads\/2024\/04\/20240419_172553-1024x1019.jpg\" alt=\"\" class=\"uag-image-305\" width=\"3024\" height=\"3008\" title=\"20240419_172553\" loading=\"lazy\" role=\"img\"\/><\/figure><\/div>\n<\/div>\n\n\n\n<div class=\"wp-block-uagb-container uagb-block-375f3aa9\">\n<div class=\"wp-block-uagb-star-rating uagb-block-0f91b155\"><p class=\"uag-star-rating__title\"><strong>Tiefdruck Grafik (Thema: Alptraum)<\/strong><\/p><div class=\"uag-star-rating\" title=\"5\/5\"><span class=\"uag-star\">\u2605<\/span><span class=\"uag-star\">\u2605<\/span><span class=\"uag-star\">\u2605<\/span><span class=\"uag-star\">\u2605<\/span><span class=\"uag-star\">\u2605<\/span><\/div><\/div>\n\n\n\n<p>Es war sehr interessant ein Motiv in eine Kunststoffplatte zu kratzen, ohne so richtig zu wissen wie es sp\u00e4ter auf Papier aussehen wird.<\/p>\n\n\n\n<p>F\u00fcr die Dynamik nutzte ich eine Fluchtpunktperspektive mit 1 Fluchtpunkt und nutze schwere Kontraste um das Bild interessanter f\u00fcr den Betrachter zu machen.<\/p>\n\n\n\n<p>Ich muss zugeben, es war echt anstrengend f\u00fcr die Hand, da man tief in die Platte ritzen musste, um schwarze Stellen zu bekommen.<\/p>\n<\/div>\n<\/div><\/div>\n\n\n\n<div class=\"wp-block-uagb-container uagb-block-c29be5f6 alignfull uagb-is-root-container\"><div class=\"uagb-container-inner-blocks-wrap\">\n<div class=\"wp-block-uagb-container uagb-block-ae058f68\">\n<div data-aos= \"fade-right\" data-aos-duration=\"400\" data-aos-delay=\"0\" data-aos-easing=\"ease\" data-aos-once=\"true\" class=\"wp-block-uagb-image aligncenter uagb-block-b030725a wp-block-uagb-image--layout-default wp-block-uagb-image--effect-static wp-block-uagb-image--align-center\"><figure class=\"wp-block-uagb-image__figure\"><img decoding=\"async\" srcset=\"https:\/\/moeseneder-lena.web.kslinz.at\/eigene_website\/wp-content\/uploads\/2024\/04\/20240419_172136-300x293.png ,https:\/\/moeseneder-lena.web.kslinz.at\/eigene_website\/wp-content\/uploads\/2024\/04\/20240419_172136.png 780w, https:\/\/moeseneder-lena.web.kslinz.at\/eigene_website\/wp-content\/uploads\/2024\/04\/20240419_172136.png 360w\" sizes=\"auto, (max-width: 480px) 150px\" src=\"https:\/\/moeseneder-lena.web.kslinz.at\/eigene_website\/wp-content\/uploads\/2024\/04\/20240419_172136-300x293.png\" alt=\"\" class=\"uag-image-308\" width=\"1024\" height=\"500\" title=\"20240419_172136\" loading=\"lazy\" role=\"img\"\/><\/figure><\/div>\n<\/div>\n\n\n\n<div class=\"wp-block-uagb-container uagb-block-f2888afd\">\n<div class=\"wp-block-uagb-star-rating uagb-block-2830ed06\"><p class=\"uag-star-rating__title\"><strong>Pixel-Art f\u00fcr ein Crossover-Fangame<\/strong><\/p><div class=\"uag-star-rating\" title=\"3.5\/5\"><span class=\"uag-star\">\u2605<\/span><span class=\"uag-star\">\u2605<\/span><span class=\"uag-star\">\u2605<\/span><span class=\"uag-star\">\u2605<\/span><span class=\"uag-star\">\u2605<\/span><\/div><\/div>\n\n\n\n<p>Eines Tages trat ich einem italienischem Team bei, das gerade an einem Pokemon x Yokai Watch Crossover arbeitete. Ich war f\u00fcr ein paar der Grafiken verantwortlich und wurde beauftragt den Start-Screen f\u00fcr das Spiel zu kreieren.<\/p>\n\n\n\n<p>Es ist definitiv verbesserungsw\u00fcrdig, vor allen von den Farben und \u00dcberg\u00e4ngen her. Im gro\u00dfen und ganzen bin ich aber trotzdem mit dem Endprodukt zufrieden, da es ein lustiges Projekt war und meine K\u00fcnste deutlich verbessert hat.<\/p>\n<\/div>\n<\/div><\/div>\n\n\n\n<div class=\"wp-block-uagb-container uagb-block-72593e40 alignfull uagb-is-root-container\"><div class=\"uagb-container-inner-blocks-wrap\">\n<div class=\"wp-block-uagb-container uagb-block-99d65601\">\n<div data-aos= \"fade-right\" data-aos-duration=\"400\" data-aos-delay=\"0\" data-aos-easing=\"ease\" data-aos-once=\"true\" class=\"wp-block-uagb-image aligncenter uagb-block-c6b6e806 wp-block-uagb-image--layout-default wp-block-uagb-image--effect-static wp-block-uagb-image--align-center\"><figure class=\"wp-block-uagb-image__figure\"><img decoding=\"async\" srcset=\"https:\/\/moeseneder-lena.web.kslinz.at\/eigene_website\/wp-content\/uploads\/2024\/04\/20240419_172730-1024x1024.jpg ,https:\/\/moeseneder-lena.web.kslinz.at\/eigene_website\/wp-content\/uploads\/2024\/04\/20240419_172730.jpg 780w, https:\/\/moeseneder-lena.web.kslinz.at\/eigene_website\/wp-content\/uploads\/2024\/04\/20240419_172730.jpg 360w\" sizes=\"auto, (max-width: 480px) 150px\" src=\"https:\/\/moeseneder-lena.web.kslinz.at\/eigene_website\/wp-content\/uploads\/2024\/04\/20240419_172730-1024x1024.jpg\" alt=\"\" class=\"uag-image-309\" width=\"1024\" height=\"500\" title=\"20240419_172730\" loading=\"lazy\" role=\"img\"\/><\/figure><\/div>\n<\/div>\n\n\n\n<div class=\"wp-block-uagb-container uagb-block-2cddceae\">\n<div class=\"wp-block-uagb-star-rating uagb-block-fb1fae3f\"><p class=\"uag-star-rating__title\"><strong>Pixel-Art f\u00fcr ein Crossover-Fangame<\/strong><\/p><div class=\"uag-star-rating\" title=\"4.5\/5\"><span class=\"uag-star\">\u2605<\/span><span class=\"uag-star\">\u2605<\/span><span class=\"uag-star\">\u2605<\/span><span class=\"uag-star\">\u2605<\/span><span class=\"uag-star\">\u2605<\/span><\/div><\/div>\n\n\n\n<p>Eines der seltenen Full-Body-Zeichnungen! Eines Tages war mir einfach langweilig w\u00e4hrend einer Stunde und da ich gerne Zeichne w\u00e4hrend ich lausche, beschloss ich ein von mir selbst erfundenes M\u00e4dchen in einer stylischen aber doch entschlossenen Pose zu zeichnen.<\/p>\n\n\n\n<p>Die Pose wurde um einiges besser als ich dachte, da ich so selten ganze K\u00f6rper zeichne. Der einzige Mangel w\u00e4ren die H\u00e4nde (und generell kleinere Details).<\/p>\n<\/div>\n<\/div><\/div>\n\n\n\n<div class=\"wp-block-uagb-container uagb-block-63f690ce alignfull uagb-is-root-container\"><div class=\"uagb-container-inner-blocks-wrap\">\n<div class=\"wp-block-uagb-container uagb-block-6cb0ab33\">\n<div data-aos= \"fade-right\" data-aos-duration=\"400\" data-aos-delay=\"0\" data-aos-easing=\"ease\" data-aos-once=\"true\" class=\"wp-block-uagb-image aligncenter uagb-block-5a92ee13 wp-block-uagb-image--layout-default wp-block-uagb-image--effect-static wp-block-uagb-image--align-center\"><figure class=\"wp-block-uagb-image__figure\"><img decoding=\"async\" srcset=\"https:\/\/moeseneder-lena.web.kslinz.at\/eigene_website\/wp-content\/uploads\/2024\/04\/20240419_172353-1024x1024.png ,https:\/\/moeseneder-lena.web.kslinz.at\/eigene_website\/wp-content\/uploads\/2024\/04\/20240419_172353.png 780w, https:\/\/moeseneder-lena.web.kslinz.at\/eigene_website\/wp-content\/uploads\/2024\/04\/20240419_172353.png 360w\" sizes=\"auto, (max-width: 480px) 150px\" src=\"https:\/\/moeseneder-lena.web.kslinz.at\/eigene_website\/wp-content\/uploads\/2024\/04\/20240419_172353-1024x1024.png\" alt=\"\" class=\"uag-image-310\" width=\"1024\" height=\"500\" title=\"20240419_172353\" loading=\"lazy\" role=\"img\"\/><\/figure><\/div>\n<\/div>\n\n\n\n<div class=\"wp-block-uagb-container uagb-block-1904297c\">\n<div class=\"wp-block-uagb-star-rating uagb-block-15d95a63\"><p class=\"uag-star-rating__title\"><strong>Gelangweiltes Dahinzeichnen<\/strong><\/p><div class=\"uag-star-rating\" title=\"4.5\/5\"><span class=\"uag-star\">\u2605<\/span><span class=\"uag-star\">\u2605<\/span><span class=\"uag-star\">\u2605<\/span><span class=\"uag-star\">\u2605<\/span><span class=\"uag-star\">\u2605<\/span><\/div><\/div>\n\n\n\n<p>Mir war erneut langweilig, aber dieses mal daheim. Also z\u00fcckte ich meinen Stift und mein kleines Notizbuch und kritzelte vor mich dahin.<\/p>\n\n\n\n<p>Es ist das selbe M\u00e4dchen wie davor, doch dieses mal in B\u00fcsten Form, sodass der Detailfokus mehr im Gesicht und in den Haaren liegt.<br>Ich bin relativ zufrieden, wie dieses Bild wurde und das einzige was mich ein bisschen st\u00f6rt, w\u00e4re der etwas zu hohe Mund.<\/p>\n<\/div>\n<\/div><\/div>\n\n\n\n<div class=\"wp-block-uagb-container uagb-block-b7985cec alignfull uagb-is-root-container\"><div class=\"uagb-container-inner-blocks-wrap\">\n<div class=\"wp-block-uagb-container uagb-block-c8b30943\">\n<div data-aos= \"fade-right\" data-aos-duration=\"400\" data-aos-delay=\"0\" data-aos-easing=\"ease\" data-aos-once=\"true\" class=\"wp-block-uagb-image aligncenter uagb-block-a348bdcd wp-block-uagb-image--layout-default wp-block-uagb-image--effect-static wp-block-uagb-image--align-center\"><figure class=\"wp-block-uagb-image__figure\"><img decoding=\"async\" srcset=\"https:\/\/moeseneder-lena.web.kslinz.at\/eigene_website\/wp-content\/uploads\/2024\/04\/Titelloses-126_20240418112307.png ,https:\/\/moeseneder-lena.web.kslinz.at\/eigene_website\/wp-content\/uploads\/2024\/04\/Titelloses-126_20240418112307.png 780w, https:\/\/moeseneder-lena.web.kslinz.at\/eigene_website\/wp-content\/uploads\/2024\/04\/Titelloses-126_20240418112307.png 360w\" sizes=\"auto, (max-width: 480px) 150px\" src=\"https:\/\/moeseneder-lena.web.kslinz.at\/eigene_website\/wp-content\/uploads\/2024\/04\/Titelloses-126_20240418112307.png\" alt=\"\" class=\"uag-image-313\" width=\"1024\" height=\"500\" title=\"Titelloses-126_20240418112307\" loading=\"lazy\" role=\"img\"\/><\/figure><\/div>\n<\/div>\n\n\n\n<div class=\"wp-block-uagb-container uagb-block-ddbd17c7\">\n<div class=\"wp-block-uagb-star-rating uagb-block-7cb75e62\"><p class=\"uag-star-rating__title\"><strong>Mehr gelangweiltes Dahinzeichnen<\/strong><\/p><div class=\"uag-star-rating\" title=\"5\/5\"><span class=\"uag-star\">\u2605<\/span><span class=\"uag-star\">\u2605<\/span><span class=\"uag-star\">\u2605<\/span><span class=\"uag-star\">\u2605<\/span><span class=\"uag-star\">\u2605<\/span><\/div><\/div>\n\n\n\n<p>Dieses mal ein anderes M\u00e4dchen in einer mehr dynamischen Position.<\/p>\n\n\n\n<p>Ich bin sehr zufrieden, wie dieses Bild wurde, da mir die Proportionen relativ gut gefallen, auch wenn es nicht ganz korrekt ist. Mir gef\u00e4llt aber vor allem ihr leicht zerstr\u00e4ubtes, aber doch geordnetes Haar, mit der kleinen Stern Spange.<\/p>\n<\/div>\n<\/div><\/div>\n","protected":false},"excerpt":{"rendered":"<p>Ich liebe es ja zu zeichnen. Hier kannst du ein paar meiner Zeichnungen sehen. ^^ Es war eine sehr lustige \u00dcbung, um Schatten und Rundungen von Objekten zu lernen und wie sich Gegenst\u00e4nde verhalten, aus welchen Perspektiven. Es war keine all zu gro\u00dfe Herausforderung, da ich diesem Thema schon gut vertraut war. Trotz allem, gibt [&hellip;]<\/p>\n","protected":false},"author":1,"featured_media":0,"parent":0,"menu_order":0,"comment_status":"closed","ping_status":"closed","template":"","meta":{"_uag_custom_page_level_css":"","footnotes":""},"class_list":["post-113","page","type-page","status-publish","hentry"],"uagb_featured_image_src":{"full":false,"thumbnail":false,"medium":false,"medium_large":false,"large":false,"1536x1536":false,"2048x2048":false},"uagb_author_info":{"display_name":"admin","author_link":"https:\/\/moeseneder-lena.web.kslinz.at\/eigene_website\/index.php\/author\/v8lena_rxm23t80\/"},"uagb_comment_info":0,"uagb_excerpt":"Ich liebe es ja zu zeichnen. Hier kannst du ein paar meiner Zeichnungen sehen. ^^ Es war eine sehr lustige \u00dcbung, um Schatten und Rundungen von Objekten zu lernen und wie sich Gegenst\u00e4nde verhalten, aus welchen Perspektiven. Es war keine all zu gro\u00dfe Herausforderung, da ich diesem Thema schon gut vertraut war. Trotz allem, gibt&hellip;","_links":{"self":[{"href":"https:\/\/moeseneder-lena.web.kslinz.at\/eigene_website\/index.php\/wp-json\/wp\/v2\/pages\/113","targetHints":{"allow":["GET"]}}],"collection":[{"href":"https:\/\/moeseneder-lena.web.kslinz.at\/eigene_website\/index.php\/wp-json\/wp\/v2\/pages"}],"about":[{"href":"https:\/\/moeseneder-lena.web.kslinz.at\/eigene_website\/index.php\/wp-json\/wp\/v2\/types\/page"}],"author":[{"embeddable":true,"href":"https:\/\/moeseneder-lena.web.kslinz.at\/eigene_website\/index.php\/wp-json\/wp\/v2\/users\/1"}],"replies":[{"embeddable":true,"href":"https:\/\/moeseneder-lena.web.kslinz.at\/eigene_website\/index.php\/wp-json\/wp\/v2\/comments?post=113"}],"version-history":[{"count":22,"href":"https:\/\/moeseneder-lena.web.kslinz.at\/eigene_website\/index.php\/wp-json\/wp\/v2\/pages\/113\/revisions"}],"predecessor-version":[{"id":356,"href":"https:\/\/moeseneder-lena.web.kslinz.at\/eigene_website\/index.php\/wp-json\/wp\/v2\/pages\/113\/revisions\/356"}],"wp:attachment":[{"href":"https:\/\/moeseneder-lena.web.kslinz.at\/eigene_website\/index.php\/wp-json\/wp\/v2\/media?parent=113"}],"curies":[{"name":"wp","href":"https:\/\/api.w.org\/{rel}","templated":true}]}}