{"id":179,"date":"2024-03-07T19:39:19","date_gmt":"2024-03-07T19:39:19","guid":{"rendered":"https:\/\/moeseneder-lena.web.kslinz.at\/eigene_website\/?page_id=179"},"modified":"2024-03-07T19:39:19","modified_gmt":"2024-03-07T19:39:19","slug":"impressum","status":"publish","type":"page","link":"https:\/\/moeseneder-lena.web.kslinz.at\/eigene_website\/index.php\/impressum\/","title":{"rendered":"Impressum"},"content":{"rendered":"\n<p>Angaben gem\u00e4\u00df \u00a7 5 TMG:<br>Lena M\u00f6seneder<br>Kriegerfriedhofstra\u00dfe 27\/2 <br>4614 Marchtrenk<br>Kontaktaufnahme<br>Telefon: +43 680 2305711<br>E-Mail: MOESENEDER.lena@hlw.kslinz.at \/ v8lena@gmx.at<br>Umsatzsteuer-ID:<br>Umsatzsteuer-Identifikationsnummer gem\u00e4\u00df \u00a7 27 a Umsatzsteuergesetz:<br>DE XXX XXX XXX<\/p>\n\n\n\n<p><br><strong>Haftungsausschluss \u2013 Disclaimer:<\/strong><br><strong>Haftung f\u00fcr Inhalte<\/strong>:<br>Die Inhalte unserer Webseite wurden mit gr\u00f6\u00dftm\u00f6glicher Sorgfalt erstellt. F\u00fcr die<br>Richtigkeit, Vollst\u00e4ndigkeit und Aktualit\u00e4t der Inhalte k\u00f6nnen wir jedoch keine<br>Gew\u00e4hr \u00fcbernehmen. Als Diensteanbieter sind wir gem\u00e4\u00df \u00a7 7 Abs.1 TMG f\u00fcr<br>eigene Inhalte auf diesen Seiten nach den allgemeinen Gesetzen verantwortlich.<br>Nach \u00a7\u00a7 8 bis 10 TMG sind wir als Diensteanbieter jedoch nicht verpflichtet,<br>\u00fcbermittelte oder gespeicherte fremde Informationen zu \u00fcberwachen oder nach<br>Umst\u00e4nden zu forschen, die auf eine rechtswidrige T\u00e4tigkeit hinweisen.<br>Verpflichtungen zur Entfernung oder Sperrung der Nutzung von Informationen<br>nach den allgemeinen Gesetzen bleiben hiervon unber\u00fchrt.<br>Eine diesbez\u00fcgliche Haftung ist jedoch erst ab dem Zeitpunkt der Kenntnis einer<br>konkreten Rechtsverletzung m\u00f6glich. Bei Bekanntwerden von entsprechenden<br>Rechtsverletzungen werden wir diese Inhalte umgehend entfernen.<\/p>\n\n\n\n<p><strong>Haftungsbeschr\u00e4nkung f\u00fcr externe Links<\/strong>:<br>Unsere Webseite enth\u00e4lt Links zu externen Webseiten Dritter, auf deren Inhalte<br>wir keinen Einfluss haben. Daher k\u00f6nnen wir f\u00fcr diese fremden Inhalte auch<br>keine Gew\u00e4hr \u00fcbernehmen. F\u00fcr die Inhalte der verlinkten Seiten ist stets der<br>jeweilige Anbieter oder Betreiber der Seiten verantwortlich.<br>Die verlinkten Seiten wurden zum Zeitpunkt der Verlinkung auf m\u00f6gliche<br>Rechtsverst\u00f6\u00dfe \u00fcberpr\u00fcft. Rechtswidrige Inhalte waren zum Zeitpunkt der<br>Verlinkung nicht erkennbar. Eine permanente inhaltliche Kontrolle der verlinkten<br>Seiten ist jedoch ohne konkrete Anhaltspunkte einer Rechtsverletzung nicht<br>zumutbar. Bei Bekanntwerden von Rechtsverletzungen werden wir derartige<br>Links umgehend entfernen.<\/p>\n\n\n\n<p><br><strong>Urheberrecht<\/strong>:<br>Die durch die Seitenbetreiber erstellten Inhalte und Werke auf diesen Seiten<br>unterliegen dem deutschen Urheberrecht. Die Vervielf\u00e4ltigung, Bearbeitung,<br>Verbreitung und jede Art der Verwertung au\u00dferhalb der Grenzen des<br>Urheberrechts bed\u00fcrfen der schriftlichen Zustimmung des jeweiligen Autors<br>bzw. Erstellers. Downloads und Kopien dieser Seite sind nur f\u00fcr den privaten,<br>nicht kommerziellen Gebrauch gestattet.<br>Soweit die Inhalte auf dieser Seite nicht vom Betreiber erstellt wurden, werden<br>die Urheberrechte Dritter beachtet. Insbesondere werden Inhalte Dritter als<br>solche gekennzeichnet. Sollten Sie trotzdem auf eine Urheberrechtsverletzung<br>aufmerksam werden, bitten wir um einen entsprechenden Hinweis. Bei<br>Bekanntwerden von Rechtsverletzungen werden wir derartige Inhalte umgehend<br>entfernen.<\/p>\n","protected":false},"excerpt":{"rendered":"<p>Angaben gem\u00e4\u00df \u00a7 5 TMG:Lena M\u00f6senederKriegerfriedhofstra\u00dfe 27\/2 4614 MarchtrenkKontaktaufnahmeTelefon: +43 680 2305711E-Mail: MOESENEDER.lena@hlw.kslinz.at \/ v8lena@gmx.atUmsatzsteuer-ID:Umsatzsteuer-Identifikationsnummer gem\u00e4\u00df \u00a7 27 a Umsatzsteuergesetz:DE XXX XXX XXX Haftungsausschluss \u2013 Disclaimer:Haftung f\u00fcr Inhalte:Die Inhalte unserer Webseite wurden mit gr\u00f6\u00dftm\u00f6glicher Sorgfalt erstellt. F\u00fcr dieRichtigkeit, Vollst\u00e4ndigkeit und Aktualit\u00e4t der Inhalte k\u00f6nnen wir jedoch keineGew\u00e4hr \u00fcbernehmen. Als Diensteanbieter sind wir gem\u00e4\u00df \u00a7 7 [&hellip;]<\/p>\n","protected":false},"author":1,"featured_media":0,"parent":0,"menu_order":0,"comment_status":"closed","ping_status":"closed","template":"","meta":{"_uag_custom_page_level_css":"","footnotes":""},"class_list":["post-179","page","type-page","status-publish","hentry"],"uagb_featured_image_src":{"full":false,"thumbnail":false,"medium":false,"medium_large":false,"large":false,"1536x1536":false,"2048x2048":false},"uagb_author_info":{"display_name":"admin","author_link":"https:\/\/moeseneder-lena.web.kslinz.at\/eigene_website\/index.php\/author\/v8lena_rxm23t80\/"},"uagb_comment_info":0,"uagb_excerpt":"Angaben gem\u00e4\u00df \u00a7 5 TMG:Lena M\u00f6senederKriegerfriedhofstra\u00dfe 27\/2 4614 MarchtrenkKontaktaufnahmeTelefon: +43 680 2305711E-Mail: MOESENEDER.lena@hlw.kslinz.at \/ v8lena@gmx.atUmsatzsteuer-ID:Umsatzsteuer-Identifikationsnummer gem\u00e4\u00df \u00a7 27 a Umsatzsteuergesetz:DE XXX XXX XXX Haftungsausschluss \u2013 Disclaimer:Haftung f\u00fcr Inhalte:Die Inhalte unserer Webseite wurden mit gr\u00f6\u00dftm\u00f6glicher Sorgfalt erstellt. F\u00fcr dieRichtigkeit, Vollst\u00e4ndigkeit und Aktualit\u00e4t der Inhalte k\u00f6nnen wir jedoch keineGew\u00e4hr \u00fcbernehmen. Als Diensteanbieter sind wir gem\u00e4\u00df \u00a7 7&hellip;","_links":{"self":[{"href":"https:\/\/moeseneder-lena.web.kslinz.at\/eigene_website\/index.php\/wp-json\/wp\/v2\/pages\/179","targetHints":{"allow":["GET"]}}],"collection":[{"href":"https:\/\/moeseneder-lena.web.kslinz.at\/eigene_website\/index.php\/wp-json\/wp\/v2\/pages"}],"about":[{"href":"https:\/\/moeseneder-lena.web.kslinz.at\/eigene_website\/index.php\/wp-json\/wp\/v2\/types\/page"}],"author":[{"embeddable":true,"href":"https:\/\/moeseneder-lena.web.kslinz.at\/eigene_website\/index.php\/wp-json\/wp\/v2\/users\/1"}],"replies":[{"embeddable":true,"href":"https:\/\/moeseneder-lena.web.kslinz.at\/eigene_website\/index.php\/wp-json\/wp\/v2\/comments?post=179"}],"version-history":[{"count":1,"href":"https:\/\/moeseneder-lena.web.kslinz.at\/eigene_website\/index.php\/wp-json\/wp\/v2\/pages\/179\/revisions"}],"predecessor-version":[{"id":180,"href":"https:\/\/moeseneder-lena.web.kslinz.at\/eigene_website\/index.php\/wp-json\/wp\/v2\/pages\/179\/revisions\/180"}],"wp:attachment":[{"href":"https:\/\/moeseneder-lena.web.kslinz.at\/eigene_website\/index.php\/wp-json\/wp\/v2\/media?parent=179"}],"curies":[{"name":"wp","href":"https:\/\/api.w.org\/{rel}","templated":true}]}}